{"id":27,"date":"2025-05-04T20:12:05","date_gmt":"2025-05-04T18:12:05","guid":{"rendered":"https:\/\/www.wfo.world\/?page_id=27"},"modified":"2025-09-21T10:34:51","modified_gmt":"2025-09-21T08:34:51","slug":"federations","status":"publish","type":"page","link":"https:\/\/www.wfo.world\/?page_id=27","title":{"rendered":"F\u00e9d\u00e9rations"},"content":{"rendered":"<h2 style=\"text-align: left;\">Association Fran\u00e7aise d\u2019Otoball<br \/>\n<em>Pr\u00e9sident: Mr. Nicolas Fabre<br \/>\n<\/em>nicolas.fabre@wfo.world<em><br \/>\n<\/em><\/h2>\n<div id=\"content\" class=\"site-content container\">\n<div id=\"primary\" class=\"content-single content-area\">\n<p><a href=\"https:\/\/www.wfo.world\/wp-content\/uploads\/2025\/05\/WhatsApp-Image-2025-05-04-at-20.12.36.jpeg\"><img loading=\"lazy\" decoding=\"async\" class=\"aligncenter wp-image-28\" src=\"https:\/\/www.wfo.world\/wp-content\/uploads\/2025\/05\/WhatsApp-Image-2025-05-04-at-20.12.36.jpeg\" alt=\"\" width=\"286\" height=\"284\" \/><\/a><\/p>\n<article id=\"post-18\" class=\"post-18 page type-page status-publish hentry comments-off\">\n<div class=\"post-content\">\n<div class=\"entry-content clearfix\">\n<h2>F\u00e9d\u00e9ration Burundaise<br \/>\n<em>Pr\u00e9sidente: Mlle Shaka Landrada<br \/>\n<\/em>shaka.lambrada@ocan.world<em><br \/>\n<\/em><\/h2>\n<p><img loading=\"lazy\" decoding=\"async\" class=\"aligncenter\" src=\"https:\/\/upload.wikimedia.org\/wikipedia\/commons\/thumb\/5\/50\/Flag_of_Burundi.svg\/langfr-225px-Flag_of_Burundi.svg.png\" alt=\"Drapeau du Burundi\" width=\"209\" height=\"125\" \/><\/p>\n<h2><strong>Association Camerounaise<br \/>\n<em>Pr\u00e9sident: Athanase Oloko<br \/>\n<\/em>oloko.athanase@ocan.world<em><br \/>\n<\/em><\/strong><\/h2>\n<p><a href=\"https:\/\/www.ocan.world\/wp-content\/uploads\/2025\/03\/9d05d258-f3c0-4566-81de-c6842ef98397.jpeg\"><img loading=\"lazy\" decoding=\"async\" class=\"aligncenter wp-image-54 \" src=\"https:\/\/www.ocan.world\/wp-content\/uploads\/2025\/03\/9d05d258-f3c0-4566-81de-c6842ef98397.jpeg\" alt=\"\" width=\"214\" height=\"214\" data-attachment-id=\"54\" data-permalink=\"https:\/\/www.ocan.world\/?attachment_id=54\" data-orig-file=\"https:\/\/www.ocan.world\/wp-content\/uploads\/2025\/03\/9d05d258-f3c0-4566-81de-c6842ef98397.jpeg\" data-orig-size=\"1080,1080\" data-comments-opened=\"0\" data-image-meta=\"{&quot;aperture&quot;:&quot;0&quot;,&quot;credit&quot;:&quot;&quot;,&quot;camera&quot;:&quot;&quot;,&quot;caption&quot;:&quot;&quot;,&quot;created_timestamp&quot;:&quot;0&quot;,&quot;copyright&quot;:&quot;&quot;,&quot;focal_length&quot;:&quot;0&quot;,&quot;iso&quot;:&quot;0&quot;,&quot;shutter_speed&quot;:&quot;0&quot;,&quot;title&quot;:&quot;&quot;,&quot;orientation&quot;:&quot;0&quot;}\" data-image-title=\"9d05d258-f3c0-4566-81de-c6842ef98397\" data-image-description=\"\" data-image-caption=\"\" data-medium-file=\"https:\/\/www.ocan.world\/wp-content\/uploads\/2025\/03\/9d05d258-f3c0-4566-81de-c6842ef98397.jpeg\" data-large-file=\"https:\/\/www.ocan.world\/wp-content\/uploads\/2025\/03\/9d05d258-f3c0-4566-81de-c6842ef98397.jpeg\" \/><\/a><\/p>\n<h2><strong>F\u00e9d\u00e9ration Centrafricaine<br \/>\n<em>Pr\u00e9sident: Mr Sandy Brakler<br \/>\n<\/em>sandy.brakler@ocan.world<\/strong><\/h2>\n<p><img loading=\"lazy\" decoding=\"async\" class=\"wp-image-69 aligncenter\" src=\"https:\/\/www.wfo.world\/wp-content\/uploads\/2025\/09\/octoballcentrafrique.jpg\" alt=\"\" width=\"293\" height=\"219\" \/><\/p>\n<h2><strong>F\u00e9d\u00e9ration Congolaise<br \/>\n<em>Pr\u00e9sident: Heidy Endulrich Ngoma Solo<br \/>\n<\/em>ngoma.heidy@ocan.world<em><br \/>\n<\/em><\/strong><\/h2>\n<p><img loading=\"lazy\" decoding=\"async\" class=\"wp-image-70 aligncenter\" src=\"https:\/\/www.wfo.world\/wp-content\/uploads\/2025\/09\/congooctoball.jpeg\" alt=\"\" width=\"220\" height=\"208\" \/><\/p>\n<h2><strong>F\u00e9d\u00e9ration Ivoirienne<br \/>\n<em>Pr\u00e9sident: Patrice Me Kouame<br \/>\n<\/em>me.kouame@ocan.world<em><br \/>\n<\/em><\/strong><\/h2>\n<p><img loading=\"lazy\" decoding=\"async\" class=\"aligncenter wp-image-71\" src=\"https:\/\/www.wfo.world\/wp-content\/uploads\/2025\/09\/octoballcoteivoirelogo.jpeg\" alt=\"\" width=\"293\" height=\"219\" \/><br \/>\n<strong>\u00a0<\/strong><\/p>\n<\/div>\n<\/div>\n<\/article>\n<p>&nbsp;<\/p>\n<\/div>\n<\/div>\n","protected":false},"excerpt":{"rendered":"<p>Association Fran\u00e7aise d\u2019Otoball Pr\u00e9sident: Mr. Nicolas Fabre nicolas.fabre@wfo.world F\u00e9d\u00e9ration Burundaise Pr\u00e9sidente: Mlle Shaka Landrada shaka.lambrada@ocan.world Association Camerounaise Pr\u00e9sident: Athanase Oloko<\/p>\n","protected":false},"author":3,"featured_media":0,"parent":0,"menu_order":0,"comment_status":"closed","ping_status":"closed","template":"","meta":{"footnotes":""},"class_list":["post-27","page","type-page","status-publish","hentry","comments-off"],"_links":{"self":[{"href":"https:\/\/www.wfo.world\/index.php?rest_route=\/wp\/v2\/pages\/27","targetHints":{"allow":["GET"]}}],"collection":[{"href":"https:\/\/www.wfo.world\/index.php?rest_route=\/wp\/v2\/pages"}],"about":[{"href":"https:\/\/www.wfo.world\/index.php?rest_route=\/wp\/v2\/types\/page"}],"author":[{"embeddable":true,"href":"https:\/\/www.wfo.world\/index.php?rest_route=\/wp\/v2\/users\/3"}],"replies":[{"embeddable":true,"href":"https:\/\/www.wfo.world\/index.php?rest_route=%2Fwp%2Fv2%2Fcomments&post=27"}],"version-history":[{"count":10,"href":"https:\/\/www.wfo.world\/index.php?rest_route=\/wp\/v2\/pages\/27\/revisions"}],"predecessor-version":[{"id":72,"href":"https:\/\/www.wfo.world\/index.php?rest_route=\/wp\/v2\/pages\/27\/revisions\/72"}],"wp:attachment":[{"href":"https:\/\/www.wfo.world\/index.php?rest_route=%2Fwp%2Fv2%2Fmedia&parent=27"}],"curies":[{"name":"wp","href":"https:\/\/api.w.org\/{rel}","templated":true}]}}